{"id":26,"date":"2019-10-30T08:04:23","date_gmt":"2019-10-30T08:04:23","guid":{"rendered":"https:\/\/demo.casethemes.net\/consultio-immigration\/?page_id=26"},"modified":"2025-09-04T16:33:05","modified_gmt":"2025-09-04T12:33:05","slug":"about","status":"publish","type":"page","link":"https:\/\/bionut.az\/?page_id=26","title":{"rendered":"Haqq\u0131m\u0131zda"},"content":{"rendered":"\t\t<div data-elementor-type=\"wp-page\" data-elementor-id=\"26\" class=\"elementor elementor-26\">\n\t\t\t\t\r\n        <section class=\"elementor-section elementor-top-section elementor-element elementor-element-bf4d915 elementor-section-boxed elementor-section-height-default elementor-section-height-default ct-header-fixed-none ct-row-max-none\" data-id=\"bf4d915\" data-element_type=\"section\">\n            \n                        <div class=\"elementor-container elementor-column-gap-extended \">\n                    <div class=\"elementor-column elementor-col-50 elementor-top-column elementor-element elementor-element-5282614\" data-id=\"5282614\" data-element_type=\"column\">\n        <div class=\"elementor-widget-wrap elementor-element-populated\">\n                    \n        \r\n\t\t<div class=\"elementor-element elementor-element-9d091b6 elementor-widget elementor-widget-ct_heading\" data-id=\"9d091b6\" data-element_type=\"widget\" data-widget_type=\"ct_heading.default\">\n\t\t\t\t<div class=\"elementor-widget-container\">\n\t\t\t\t\t<div id=\"ct_heading-9d091b6\" class=\"ct-heading h-align- sub- ct-heading-left item-st-line-left1\">\r\n    <div class=\"ct-item--inner\">\r\n        <div class=\"ct-inline-css\" data-css=\"\r\n            \">\r\n        <\/div>\r\n                <h3 class=\"item--title st-line-left1 case-animate-time\" data-wow-delay=\"ms\">\r\n                        <span class=\"sp-main\">\r\n                                    <i><\/i>\r\n                \r\n                Haqq\u0131m\u0131zda\r\n                \r\n                            <\/span>\r\n                    <\/h3>\r\n    <\/div>\r\n<\/div>\t\t\t\t<\/div>\n\t\t\t\t<\/div>\n\t\t        <section class=\"elementor-section elementor-inner-section elementor-element elementor-element-6b326e2 elementor-section-boxed elementor-section-height-default elementor-section-height-default ct-header-fixed-none ct-row-max-none\" data-id=\"6b326e2\" data-element_type=\"section\">\n            \n                        <div class=\"elementor-container elementor-column-gap-extended \">\n                    <div class=\"elementor-column elementor-col-100 elementor-inner-column elementor-element elementor-element-71555f1\" data-id=\"71555f1\" data-element_type=\"column\">\n        <div class=\"elementor-widget-wrap elementor-element-populated\">\n                    \n        \t\t<div class=\"elementor-element elementor-element-176c3a2 elementor-widget elementor-widget-text-editor\" data-id=\"176c3a2\" data-element_type=\"widget\" data-widget_type=\"text-editor.default\">\n\t\t\t\t\t\t\t\t\t<p><span style=\"color: #000000;\">2005-ci ild\u0259n f\u0259aliyy\u0259t g\u00f6st\u0259r\u0259n \u201cGilan Q\u0259b\u0259l\u0259 Qida M\u0259hsullar\u0131n\u0131n \u0130stehsal\u0131\u201d ASC 19 ildir ki, f\u0131nd\u0131q m\u0259hsullar\u0131n\u0131 ixrac\u0131 t\u0259cr\u00fcb\u0259sin\u0259 malikdir. \u015eirk\u0259t Az\u0259rbaycanda \u0259n b\u00f6y\u00fck f\u0131nd\u0131q ixracat\u00e7\u0131lar\u0131 aras\u0131nda ilk yerl\u0259rd\u0259dir. Zavod m\u00f6vs\u00fcm boyu 7000 tondan \u00e7ox f\u0131nd\u0131q v\u0259 g\u00fcnd\u0259lik 20 tondan \u00e7ox f\u0131nd\u0131q istehsal etm\u0259k g\u00fcc\u00fcn\u0259 malikdir.<\/span><\/p><p><span style=\"color: #000000;\">\u015eirk\u0259tin 500 hektar f\u0131nd\u0131q ba\u011flar\u0131nda b\u00fct\u00fcn aqrotexniki qulluqlar f\u0131nd\u0131q yeti\u015fdirilm\u0259si sah\u0259sind\u0259 20 ild\u0259n art\u0131q t\u0259cr\u00fcb\u0259y\u0259 malik m\u00fct\u0259x\u0259ssisl\u0259r t\u0259r\u0259find\u0259n, ekoloji istehsal standartlar\u0131na uy\u011fun olaraq h\u0259yata ke\u00e7irilir. Biz h\u0259m \u00fczvi, h\u0259m d\u0259 \u0259n\u0259n\u0259vi f\u0131nd\u0131q istehsal\u0131 v\u0259 ixrac\u0131 il\u0259 m\u0259\u015f\u011fuluq.\u00a0 \u018fsas ixrac bazarlar\u0131m\u0131z Almaniya, \u0130taliya, h\u0259m\u00e7inin T\u00fcrkiy\u0259, Kanada v\u0259 Rusiyad\u0131r.<\/span><\/p>\t\t\t\t\t\t\t\t<\/div>\n\t\t\t\t<div class=\"elementor-element elementor-element-dffa2c1 elementor-widget elementor-widget-image\" data-id=\"dffa2c1\" data-element_type=\"widget\" data-widget_type=\"image.default\">\n\t\t\t\t\t\t\t\t\t\t\t\t\t\t\t<img decoding=\"async\" width=\"350\" height=\"1\" src=\"https:\/\/bionut.az\/wp-content\/uploads\/2019\/12\/about-gap.png\" class=\"attachment-full size-full wp-image-1896\" alt=\"\" srcset=\"https:\/\/bionut.az\/wp-content\/uploads\/2019\/12\/about-gap.png 350w, https:\/\/bionut.az\/wp-content\/uploads\/2019\/12\/about-gap-300x1.png 300w, https:\/\/bionut.az\/wp-content\/uploads\/2019\/12\/about-gap-150x1.png 150w\" sizes=\"(max-width: 350px) 100vw, 350px\" \/>\t\t\t\t\t\t\t\t\t\t\t\t\t\t\t<\/div>\n\t\t\t\t<div class=\"elementor-element elementor-element-41e6e03 elementor-widget elementor-widget-ct_signature\" data-id=\"41e6e03\" data-element_type=\"widget\" data-widget_type=\"ct_signature.default\">\n\t\t\t\t<div class=\"elementor-widget-container\">\n\t\t\t\t\t<div class=\"ct-signature1  style1\">\r\n\t        <div class=\"signature-image\">\r\n        \t<img decoding=\"async\" width=\"95\" height=\"85\" src=\"https:\/\/bionut.az\/wp-content\/uploads\/2019\/12\/signature.png\" class=\"attachment-full\" alt=\"\" \/>        <\/div>\r\n        <div class=\"signature-meta\">\r\n    \t<h3>Anar Ismayilov<\/h3>\r\n    \t<span>Direktor<\/span>\r\n    <\/div>\r\n<\/div>\r\n\t\t\t\t<\/div>\n\t\t\t\t<\/div>\n\t\t            <\/div>\n        <\/div>\n                    <\/div>\n        <\/section>\n                    <\/div>\n        <\/div>\n                <div class=\"elementor-column elementor-col-50 elementor-top-column elementor-element elementor-element-07e4861\" data-id=\"07e4861\" data-element_type=\"column\">\n        <div class=\"elementor-widget-wrap elementor-element-populated\">\n                    \n        \t\t<div class=\"elementor-element elementor-element-1548748 elementor-widget elementor-widget-image\" data-id=\"1548748\" data-element_type=\"widget\" data-widget_type=\"image.default\">\n\t\t\t\t\t\t\t\t\t\t\t\t\t\t\t<img fetchpriority=\"high\" decoding=\"async\" width=\"736\" height=\"845\" src=\"https:\/\/bionut.az\/wp-content\/uploads\/2025\/07\/orig.webp\" class=\"attachment-full size-full wp-image-5742\" alt=\"\" srcset=\"https:\/\/bionut.az\/wp-content\/uploads\/2025\/07\/orig.webp 736w, https:\/\/bionut.az\/wp-content\/uploads\/2025\/07\/orig-261x300.webp 261w\" sizes=\"(max-width: 736px) 100vw, 736px\" \/>\t\t\t\t\t\t\t\t\t\t\t\t\t\t\t<\/div>\n\t\t            <\/div>\n        <\/div>\n                    <\/div>\n        <\/section>\n                <section class=\"elementor-section elementor-top-section elementor-element elementor-element-3328b5d elementor-section-boxed elementor-section-height-default elementor-section-height-default ct-header-fixed-none ct-row-max-none\" data-id=\"3328b5d\" data-element_type=\"section\">\n            \n                        <div class=\"elementor-container elementor-column-gap-extended \">\n                    <div class=\"elementor-column elementor-col-100 elementor-top-column elementor-element elementor-element-2933d62\" data-id=\"2933d62\" data-element_type=\"column\">\n        <div class=\"elementor-widget-wrap elementor-element-populated\">\n                    \n        \t\t<div class=\"elementor-element elementor-element-1a03c0b elementor-widget elementor-widget-ct_cta\" data-id=\"1a03c0b\" data-element_type=\"widget\" data-widget_type=\"ct_cta.default\">\n\t\t\t\t<div class=\"elementor-widget-container\">\n\t\t\t\t\t<div class=\"ct-cta1 \">\r\n            <div class=\"item--holder\">\r\n            <span class=\"item--title\">Gilan Q\u0259b\u0259l\u0259 yeyinti m\u0259hsullar\u0131 ASC<\/span>\r\n            <span class=\"item--desc\"><\/span>\r\n        <\/div>\r\n                <div class=\"item--button\">\r\n            <a class=\"btn btn-white\" href=\"#\">\r\n                                    <i aria-hidden=\"true\" class=\"flaticonv6 flaticonv6-phone-call-1\"><\/i>                                \u018fm\u0259kda\u015fl\u0131q            <\/a>\r\n        <\/div>\r\n    <\/div>\r\n\t\t\t\t<\/div>\n\t\t\t\t<\/div>\n\t\t            <\/div>\n        <\/div>\n                    <\/div>\n        <\/section>\n        <div class=\"elementor-element elementor-element-e91cf61 e-flex e-con-boxed e-con e-parent\" data-id=\"e91cf61\" data-element_type=\"container\">\n\t\t\t\t\t<div class=\"e-con-inner\">\n\t\t\t\t<div class=\"elementor-element elementor-element-3c80144 elementor-widget elementor-widget-image-gallery\" data-id=\"3c80144\" data-element_type=\"widget\" data-widget_type=\"image-gallery.default\">\n\t\t\t\t\t\t\t<div class=\"elementor-image-gallery\">\n\t\t\t<div id='gallery-1' class='gallery galleryid-26 gallery-columns-4 gallery-size-thumbnail'><figure class='gallery-item'>\n\t\t\t<div class='gallery-icon portrait'>\n\t\t\t\t<a data-elementor-open-lightbox=\"yes\" data-elementor-lightbox-slideshow=\"3c80144\" data-elementor-lightbox-title=\"Qida T\u0259hl\u00fck\u0259sizliyi Siyas\u0259ti M\u0259d\u0259niyy\u0259ti_page-0001\" data-e-action-hash=\"#elementor-action%3Aaction%3Dlightbox%26settings%3DeyJpZCI6NTk1NCwidXJsIjoiaHR0cHM6XC9cL2Jpb251dC5helwvd3AtY29udGVudFwvdXBsb2Fkc1wvMjAyNVwvMDlcL1FpZGEtVFx1MDI1OWhsdWtcdTAyNTlzaXpsaXlpLVNpeWFzXHUwMjU5dGktTVx1MDI1OWRcdTAyNTluaXl5XHUwMjU5dGlfcGFnZS0wMDAxLmpwZyIsInNsaWRlc2hvdyI6IjNjODAxNDQifQ%3D%3D\" href='https:\/\/bionut.az\/wp-content\/uploads\/2025\/09\/Qida-T\u0259hluk\u0259sizliyi-Siyas\u0259ti-M\u0259d\u0259niyy\u0259ti_page-0001.jpg'><img loading=\"lazy\" decoding=\"async\" width=\"150\" height=\"150\" src=\"https:\/\/bionut.az\/wp-content\/uploads\/2025\/09\/Qida-T\u0259hluk\u0259sizliyi-Siyas\u0259ti-M\u0259d\u0259niyy\u0259ti_page-0001-150x150.jpg\" class=\"attachment-thumbnail size-thumbnail\" alt=\"\" \/><\/a>\n\t\t\t<\/div><\/figure><figure class='gallery-item'>\n\t\t\t<div class='gallery-icon portrait'>\n\t\t\t\t<a data-elementor-open-lightbox=\"yes\" data-elementor-lightbox-slideshow=\"3c80144\" data-elementor-lightbox-title=\"Qida T\u0259hl\u00fck\u0259sizliyi \u00fczr\u0259 siyas\u0259t_page-0001\" data-e-action-hash=\"#elementor-action%3Aaction%3Dlightbox%26settings%3DeyJpZCI6NTk1NSwidXJsIjoiaHR0cHM6XC9cL2Jpb251dC5helwvd3AtY29udGVudFwvdXBsb2Fkc1wvMjAyNVwvMDlcL1FpZGEtVFx1MDI1OWhsdWtcdTAyNTlzaXpsaXlpLXV6clx1MDI1OS1zaXlhc1x1MDI1OXRfcGFnZS0wMDAxLmpwZyIsInNsaWRlc2hvdyI6IjNjODAxNDQifQ%3D%3D\" href='https:\/\/bionut.az\/wp-content\/uploads\/2025\/09\/Qida-T\u0259hluk\u0259sizliyi-uzr\u0259-siyas\u0259t_page-0001.jpg'><img loading=\"lazy\" decoding=\"async\" width=\"150\" height=\"150\" src=\"https:\/\/bionut.az\/wp-content\/uploads\/2025\/09\/Qida-T\u0259hluk\u0259sizliyi-uzr\u0259-siyas\u0259t_page-0001-150x150.jpg\" class=\"attachment-thumbnail size-thumbnail\" alt=\"\" \/><\/a>\n\t\t\t<\/div><\/figure>\n\t\t<\/div>\n\t\t<\/div>\n\t\t\t\t\t\t<\/div>\n\t\t\t\t\t<\/div>\n\t\t\t\t<\/div>\n\t\t\t\t<\/div>\n\t\t","protected":false},"excerpt":{"rendered":"<p>Haqq\u0131m\u0131zda 2005-ci ild\u0259n f\u0259aliyy\u0259t g\u00f6st\u0259r\u0259n \u201cGilan Q\u0259b\u0259l\u0259 Qida M\u0259hsullar\u0131n\u0131n \u0130stehsal\u0131\u201d ASC 19 ildir ki, f\u0131nd\u0131q m\u0259hsullar\u0131n\u0131 ixrac\u0131 t\u0259cr\u00fcb\u0259sin\u0259 malikdir. \u015eirk\u0259t Az\u0259rbaycanda \u0259n b\u00f6y\u00fck f\u0131nd\u0131q ixracat\u00e7\u0131lar\u0131 aras\u0131nda ilk yerl\u0259rd\u0259dir. Zavod m\u00f6vs\u00fcm boyu 7000 tondan \u00e7ox f\u0131nd\u0131q v\u0259 g\u00fcnd\u0259lik 20 tondan \u00e7ox f\u0131nd\u0131q istehsal etm\u0259k g\u00fcc\u00fcn\u0259 malikdir. \u015eirk\u0259tin 500 hektar f\u0131nd\u0131q ba\u011flar\u0131nda b\u00fct\u00fcn aqrotexniki qulluqlar f\u0131nd\u0131q yeti\u015fdirilm\u0259si [&hellip;]<\/p>\n","protected":false},"author":1,"featured_media":0,"parent":0,"menu_order":0,"comment_status":"closed","ping_status":"closed","template":"","meta":{"footnotes":""},"class_list":["post-26","page","type-page","status-publish","hentry"],"_links":{"self":[{"href":"https:\/\/bionut.az\/index.php?rest_route=\/wp\/v2\/pages\/26","targetHints":{"allow":["GET"]}}],"collection":[{"href":"https:\/\/bionut.az\/index.php?rest_route=\/wp\/v2\/pages"}],"about":[{"href":"https:\/\/bionut.az\/index.php?rest_route=\/wp\/v2\/types\/page"}],"author":[{"embeddable":true,"href":"https:\/\/bionut.az\/index.php?rest_route=\/wp\/v2\/users\/1"}],"replies":[{"embeddable":true,"href":"https:\/\/bionut.az\/index.php?rest_route=%2Fwp%2Fv2%2Fcomments&post=26"}],"version-history":[{"count":7,"href":"https:\/\/bionut.az\/index.php?rest_route=\/wp\/v2\/pages\/26\/revisions"}],"predecessor-version":[{"id":5958,"href":"https:\/\/bionut.az\/index.php?rest_route=\/wp\/v2\/pages\/26\/revisions\/5958"}],"wp:attachment":[{"href":"https:\/\/bionut.az\/index.php?rest_route=%2Fwp%2Fv2%2Fmedia&parent=26"}],"curies":[{"name":"wp","href":"https:\/\/api.w.org\/{rel}","templated":true}]}}